{"id":155137,"date":"2024-11-13T18:18:10","date_gmt":"2024-11-13T18:18:10","guid":{"rendered":"https:\/\/my.stlflix.com\/help_stlflix_products\/"},"modified":"2024-11-18T13:45:19","modified_gmt":"2024-11-18T13:45:19","slug":"help_stlflix_products","status":"publish","type":"page","link":"https:\/\/www.monitorstlflix.com\/fr\/help_stlflix_products\/","title":{"rendered":"Help_STLFLIX_Products"},"content":{"rendered":"\t\t<div data-elementor-type=\"wp-page\" data-elementor-id=\"155137\" class=\"elementor elementor-155137\" data-elementor-post-type=\"page\">\n\t\t\t\t<div class=\"elementor-element elementor-element-18f1d24 e-flex e-con-boxed e-con e-parent\" data-id=\"18f1d24\" data-element_type=\"container\">\n\t\t\t\t\t<div class=\"e-con-inner\">\n\t\t<div class=\"elementor-element elementor-element-7534741 e-con-full e-flex e-con e-child\" data-id=\"7534741\" data-element_type=\"container\">\n\t\t\t\t<div class=\"elementor-element elementor-element-f039755 elementor-view-default elementor-widget elementor-widget-icon\" data-id=\"f039755\" data-element_type=\"widget\" data-widget_type=\"icon.default\">\n\t\t\t\t<div class=\"elementor-widget-container\">\n\t\t\t\t\t\t\t<div class=\"elementor-icon-wrapper\">\n\t\t\t<a class=\"elementor-icon\" href=\"https:\/\/my.stlflix.com\/fr\/help\/\">\n\t\t\t<svg aria-hidden=\"true\" class=\"e-font-icon-svg e-fas-arrow-left\" viewBox=\"0 0 448 512\" xmlns=\"http:\/\/www.w3.org\/2000\/svg\"><path d=\"M257.5 445.1l-22.2 22.2c-9.4 9.4-24.6 9.4-33.9 0L7 273c-9.4-9.4-9.4-24.6 0-33.9L201.4 44.7c9.4-9.4 24.6-9.4 33.9 0l22.2 22.2c9.5 9.5 9.3 25-.4 34.3L136.6 216H424c13.3 0 24 10.7 24 24v32c0 13.3-10.7 24-24 24H136.6l120.5 114.8c9.8 9.3 10 24.8.4 34.3z\"><\/path><\/svg>\t\t\t<\/a>\n\t\t<\/div>\n\t\t\t\t\t\t<\/div>\n\t\t\t\t<\/div>\n\t\t\t\t<div class=\"elementor-element elementor-element-c783f28 elementor-widget elementor-widget-heading\" data-id=\"c783f28\" data-element_type=\"widget\" data-widget_type=\"heading.default\">\n\t\t\t\t<div class=\"elementor-widget-container\">\n\t\t\t\t\t<h2 class=\"elementor-heading-title elementor-size-default\"><a href=\"https:\/\/my.stlflix.com\/fr\/help\/\">Retour au Menu d'Aide<\/a><\/h2>\t\t\t\t<\/div>\n\t\t\t\t<\/div>\n\t\t\t\t<\/div>\n\t\t\t\t<div class=\"elementor-element elementor-element-cb64163 elementor-widget elementor-widget-heading\" data-id=\"cb64163\" data-element_type=\"widget\" data-widget_type=\"heading.default\">\n\t\t\t\t<div class=\"elementor-widget-container\">\n\t\t\t\t\t<h2 class=\"elementor-heading-title elementor-size-default\">Comment puis-je enregistrer mes produits STLFLIX ?<\/h2>\t\t\t\t<\/div>\n\t\t\t\t<\/div>\n\t\t\t\t<div class=\"elementor-element elementor-element-a5a816d elementor-widget elementor-widget-text-editor\" data-id=\"a5a816d\" data-element_type=\"widget\" data-widget_type=\"text-editor.default\">\n\t\t\t\t<div class=\"elementor-widget-container\">\n\t\t\t\t\t\t\t\t\t<p>1. Retournez sur la plateforme et choisissez le mod\u00e8le souhait\u00e9. Lorsque vous trouvez un mod\u00e8le qui vous int\u00e9resse, vous pouvez survoler la carte et cliquer sur l&#8217;ic\u00f4ne en forme de dollar pour l&#8217;ajouter \u00e0 votre catalogue de vente, ou vous pouvez faire cela en cliquant sur le mod\u00e8le et en s\u00e9lectionnant la m\u00eame ic\u00f4ne sur la page du mod\u00e8le.<\/p>\t\t\t\t\t\t\t\t<\/div>\n\t\t\t\t<\/div>\n\t\t\t\t<div class=\"elementor-element elementor-element-045f37e elementor-widget elementor-widget-image\" data-id=\"045f37e\" data-element_type=\"widget\" data-widget_type=\"image.default\">\n\t\t\t\t<div class=\"elementor-widget-container\">\n\t\t\t\t\t\t\t\t\t\t\t\t\t\t\t<img fetchpriority=\"high\" decoding=\"async\" width=\"1024\" height=\"584\" src=\"https:\/\/www.monitorstlflix.com\/wp-content\/uploads\/2024\/07\/Add-model-STLFLIX-7-1024x584.png\" class=\"attachment-large size-large wp-image-52498\" alt=\"\" srcset=\"https:\/\/www.monitorstlflix.com\/wp-content\/uploads\/2024\/07\/Add-model-STLFLIX-7-1024x584.png 1024w, https:\/\/www.monitorstlflix.com\/wp-content\/uploads\/2024\/07\/Add-model-STLFLIX-7-300x171.png 300w, https:\/\/www.monitorstlflix.com\/wp-content\/uploads\/2024\/07\/Add-model-STLFLIX-7-768x438.png 768w, https:\/\/www.monitorstlflix.com\/wp-content\/uploads\/2024\/07\/Add-model-STLFLIX-7-1536x876.png 1536w, https:\/\/www.monitorstlflix.com\/wp-content\/uploads\/2024\/07\/Add-model-STLFLIX-7-600x342.png 600w, https:\/\/www.monitorstlflix.com\/wp-content\/uploads\/2024\/07\/Add-model-STLFLIX-7-500x285.png 500w, https:\/\/www.monitorstlflix.com\/wp-content\/uploads\/2024\/07\/Add-model-STLFLIX-7.png 1697w\" sizes=\"(max-width: 1024px) 100vw, 1024px\" \/>\t\t\t\t\t\t\t\t\t\t\t\t\t\t\t<\/div>\n\t\t\t\t<\/div>\n\t\t\t\t<div class=\"elementor-element elementor-element-da01fdd elementor-widget elementor-widget-image\" data-id=\"da01fdd\" data-element_type=\"widget\" data-widget_type=\"image.default\">\n\t\t\t\t<div class=\"elementor-widget-container\">\n\t\t\t\t\t\t\t\t\t\t\t\t\t\t\t<img decoding=\"async\" width=\"1024\" height=\"584\" src=\"https:\/\/www.monitorstlflix.com\/wp-content\/uploads\/2024\/07\/Add-model-STLFLIX-8-1024x584.png\" class=\"attachment-large size-large wp-image-52508\" alt=\"\" srcset=\"https:\/\/www.monitorstlflix.com\/wp-content\/uploads\/2024\/07\/Add-model-STLFLIX-8-1024x584.png 1024w, https:\/\/www.monitorstlflix.com\/wp-content\/uploads\/2024\/07\/Add-model-STLFLIX-8-300x171.png 300w, https:\/\/www.monitorstlflix.com\/wp-content\/uploads\/2024\/07\/Add-model-STLFLIX-8-768x438.png 768w, https:\/\/www.monitorstlflix.com\/wp-content\/uploads\/2024\/07\/Add-model-STLFLIX-8-1536x876.png 1536w, https:\/\/www.monitorstlflix.com\/wp-content\/uploads\/2024\/07\/Add-model-STLFLIX-8-600x342.png 600w, https:\/\/www.monitorstlflix.com\/wp-content\/uploads\/2024\/07\/Add-model-STLFLIX-8-500x285.png 500w, https:\/\/www.monitorstlflix.com\/wp-content\/uploads\/2024\/07\/Add-model-STLFLIX-8.png 1697w\" sizes=\"(max-width: 1024px) 100vw, 1024px\" \/>\t\t\t\t\t\t\t\t\t\t\t\t\t\t\t<\/div>\n\t\t\t\t<\/div>\n\t\t\t\t<div class=\"elementor-element elementor-element-fa9dfba elementor-widget elementor-widget-text-editor\" data-id=\"fa9dfba\" data-element_type=\"widget\" data-widget_type=\"text-editor.default\">\n\t\t\t\t<div class=\"elementor-widget-container\">\n\t\t\t\t\t\t\t\t\t<p>2. Ensuite, le mod\u00e8le sera ajout\u00e9 \u00e0 votre catalogue de vente. Vous pouvez acc\u00e9der aux param\u00e8tres de la boutique ou continuer \u00e0 ajouter autant de mod\u00e8les que vous le souhaitez.<\/p>\t\t\t\t\t\t\t\t<\/div>\n\t\t\t\t<\/div>\n\t\t\t\t<div class=\"elementor-element elementor-element-3075c56 elementor-widget elementor-widget-image\" data-id=\"3075c56\" data-element_type=\"widget\" data-widget_type=\"image.default\">\n\t\t\t\t<div class=\"elementor-widget-container\">\n\t\t\t\t\t\t\t\t\t\t\t\t\t\t\t<img decoding=\"async\" width=\"1024\" height=\"584\" src=\"https:\/\/www.monitorstlflix.com\/wp-content\/uploads\/2024\/07\/Add-model-STLFLIX-9-1024x584.png\" class=\"attachment-large size-large wp-image-52517\" alt=\"\" srcset=\"https:\/\/www.monitorstlflix.com\/wp-content\/uploads\/2024\/07\/Add-model-STLFLIX-9-1024x584.png 1024w, https:\/\/www.monitorstlflix.com\/wp-content\/uploads\/2024\/07\/Add-model-STLFLIX-9-300x171.png 300w, https:\/\/www.monitorstlflix.com\/wp-content\/uploads\/2024\/07\/Add-model-STLFLIX-9-768x438.png 768w, https:\/\/www.monitorstlflix.com\/wp-content\/uploads\/2024\/07\/Add-model-STLFLIX-9-1536x876.png 1536w, https:\/\/www.monitorstlflix.com\/wp-content\/uploads\/2024\/07\/Add-model-STLFLIX-9-600x342.png 600w, https:\/\/www.monitorstlflix.com\/wp-content\/uploads\/2024\/07\/Add-model-STLFLIX-9-500x285.png 500w, https:\/\/www.monitorstlflix.com\/wp-content\/uploads\/2024\/07\/Add-model-STLFLIX-9.png 1697w\" sizes=\"(max-width: 1024px) 100vw, 1024px\" \/>\t\t\t\t\t\t\t\t\t\t\t\t\t\t\t<\/div>\n\t\t\t\t<\/div>\n\t\t\t\t<div class=\"elementor-element elementor-element-f054e03 elementor-widget elementor-widget-text-editor\" data-id=\"f054e03\" data-element_type=\"widget\" data-widget_type=\"text-editor.default\">\n\t\t\t\t<div class=\"elementor-widget-container\">\n\t\t\t\t\t\t\t\t\t<p>3. Retournez dans l&#8217;environnement de votre boutique et s\u00e9lectionnez l&#8217;option \u00ab Produits \u00bb dans le menu de gauche ; votre mod\u00e8le est d\u00e9j\u00e0 dans le catalogue, cliquez dessus.<\/p>\t\t\t\t\t\t\t\t<\/div>\n\t\t\t\t<\/div>\n\t\t\t\t<div class=\"elementor-element elementor-element-58ab725 elementor-widget elementor-widget-image\" data-id=\"58ab725\" data-element_type=\"widget\" data-widget_type=\"image.default\">\n\t\t\t\t<div class=\"elementor-widget-container\">\n\t\t\t\t\t\t\t\t\t\t\t\t\t\t\t<img loading=\"lazy\" decoding=\"async\" width=\"1024\" height=\"584\" src=\"https:\/\/www.monitorstlflix.com\/wp-content\/uploads\/2024\/07\/Add-model-STLFLIX-10-1024x584.png\" class=\"attachment-large size-large wp-image-52529\" alt=\"\" srcset=\"https:\/\/www.monitorstlflix.com\/wp-content\/uploads\/2024\/07\/Add-model-STLFLIX-10-1024x584.png 1024w, https:\/\/www.monitorstlflix.com\/wp-content\/uploads\/2024\/07\/Add-model-STLFLIX-10-300x171.png 300w, https:\/\/www.monitorstlflix.com\/wp-content\/uploads\/2024\/07\/Add-model-STLFLIX-10-768x438.png 768w, https:\/\/www.monitorstlflix.com\/wp-content\/uploads\/2024\/07\/Add-model-STLFLIX-10-1536x876.png 1536w, https:\/\/www.monitorstlflix.com\/wp-content\/uploads\/2024\/07\/Add-model-STLFLIX-10-600x342.png 600w, https:\/\/www.monitorstlflix.com\/wp-content\/uploads\/2024\/07\/Add-model-STLFLIX-10-500x285.png 500w, https:\/\/www.monitorstlflix.com\/wp-content\/uploads\/2024\/07\/Add-model-STLFLIX-10.png 1697w\" sizes=\"(max-width: 1024px) 100vw, 1024px\" \/>\t\t\t\t\t\t\t\t\t\t\t\t\t\t\t<\/div>\n\t\t\t\t<\/div>\n\t\t\t\t<div class=\"elementor-element elementor-element-e9c7324 elementor-widget elementor-widget-text-editor\" data-id=\"e9c7324\" data-element_type=\"widget\" data-widget_type=\"text-editor.default\">\n\t\t\t\t<div class=\"elementor-widget-container\">\n\t\t\t\t\t\t\t\t\t<p>4. Cliquez sur le mod\u00e8le pour entrer les d\u00e9tails de vente, tels que les informations, les prix, etc. Notez que l&#8217;ensemble du pack m\u00e9dia STLFLIX a \u00e9t\u00e9 import\u00e9 dans l&#8217;annonce ; vous pouvez utiliser ces photos\/vid\u00e9os ou cr\u00e9er vos propres versions.<\/p>\t\t\t\t\t\t\t\t<\/div>\n\t\t\t\t<\/div>\n\t\t\t\t<div class=\"elementor-element elementor-element-931f344 elementor-widget elementor-widget-image\" data-id=\"931f344\" data-element_type=\"widget\" data-widget_type=\"image.default\">\n\t\t\t\t<div class=\"elementor-widget-container\">\n\t\t\t\t\t\t\t\t\t\t\t\t\t\t\t<img loading=\"lazy\" decoding=\"async\" width=\"1024\" height=\"584\" src=\"https:\/\/www.monitorstlflix.com\/wp-content\/uploads\/2024\/07\/Add-model-STLFLIX-12-1024x584.png\" class=\"attachment-large size-large wp-image-52535\" alt=\"\" srcset=\"https:\/\/www.monitorstlflix.com\/wp-content\/uploads\/2024\/07\/Add-model-STLFLIX-12-1024x584.png 1024w, https:\/\/www.monitorstlflix.com\/wp-content\/uploads\/2024\/07\/Add-model-STLFLIX-12-300x171.png 300w, https:\/\/www.monitorstlflix.com\/wp-content\/uploads\/2024\/07\/Add-model-STLFLIX-12-768x438.png 768w, https:\/\/www.monitorstlflix.com\/wp-content\/uploads\/2024\/07\/Add-model-STLFLIX-12-1536x876.png 1536w, https:\/\/www.monitorstlflix.com\/wp-content\/uploads\/2024\/07\/Add-model-STLFLIX-12-600x342.png 600w, https:\/\/www.monitorstlflix.com\/wp-content\/uploads\/2024\/07\/Add-model-STLFLIX-12-500x285.png 500w, https:\/\/www.monitorstlflix.com\/wp-content\/uploads\/2024\/07\/Add-model-STLFLIX-12.png 1697w\" sizes=\"(max-width: 1024px) 100vw, 1024px\" \/>\t\t\t\t\t\t\t\t\t\t\t\t\t\t\t<\/div>\n\t\t\t\t<\/div>\n\t\t\t\t<div class=\"elementor-element elementor-element-06fd522 elementor-widget elementor-widget-text-editor\" data-id=\"06fd522\" data-element_type=\"widget\" data-widget_type=\"text-editor.default\">\n\t\t\t\t<div class=\"elementor-widget-container\">\n\t\t\t\t\t\t\t\t\t<p>5.\u00a0<span style=\"color: var( --e-global-color-text ); text-align: var(--text-align); background-color: var(--background-color);\">Apr\u00e8s avoir rempli toutes les informations n\u00e9cessaires, n&#8217;oubliez pas de changer le statut de votre produit de brouillon \u00e0 en ligne. Faites d\u00e9filer jusqu&#8217;en bas de la page, o\u00f9 vous trouverez \u00ab Autres options \u00bb. D\u00e9finissez le statut sur en ligne et enregistrez le produit.<\/span><\/p>\t\t\t\t\t\t\t\t<\/div>\n\t\t\t\t<\/div>\n\t\t\t\t<div class=\"elementor-element elementor-element-2636c60 elementor-widget elementor-widget-image\" data-id=\"2636c60\" data-element_type=\"widget\" data-widget_type=\"image.default\">\n\t\t\t\t<div class=\"elementor-widget-container\">\n\t\t\t\t\t\t\t\t\t\t\t\t\t\t\t<img loading=\"lazy\" decoding=\"async\" width=\"1024\" height=\"584\" src=\"https:\/\/www.monitorstlflix.com\/wp-content\/uploads\/2024\/07\/Add-model-STLFLIX-11-1024x584.png\" class=\"attachment-large size-large wp-image-52532\" alt=\"\" srcset=\"https:\/\/www.monitorstlflix.com\/wp-content\/uploads\/2024\/07\/Add-model-STLFLIX-11-1024x584.png 1024w, https:\/\/www.monitorstlflix.com\/wp-content\/uploads\/2024\/07\/Add-model-STLFLIX-11-300x171.png 300w, https:\/\/www.monitorstlflix.com\/wp-content\/uploads\/2024\/07\/Add-model-STLFLIX-11-768x438.png 768w, https:\/\/www.monitorstlflix.com\/wp-content\/uploads\/2024\/07\/Add-model-STLFLIX-11-1536x876.png 1536w, https:\/\/www.monitorstlflix.com\/wp-content\/uploads\/2024\/07\/Add-model-STLFLIX-11-600x342.png 600w, https:\/\/www.monitorstlflix.com\/wp-content\/uploads\/2024\/07\/Add-model-STLFLIX-11-500x285.png 500w, https:\/\/www.monitorstlflix.com\/wp-content\/uploads\/2024\/07\/Add-model-STLFLIX-11.png 1697w\" sizes=\"(max-width: 1024px) 100vw, 1024px\" \/>\t\t\t\t\t\t\t\t\t\t\t\t\t\t\t<\/div>\n\t\t\t\t<\/div>\n\t\t\t\t\t<\/div>\n\t\t\t\t<\/div>\n\t\t\t\t<\/div>\n\t\t","protected":false},"excerpt":{"rendered":"<p>Retour au Menu d&#8217;Aide Comment puis-je enregistrer mes produits STLFLIX ? 1. Retournez sur la plateforme et choisissez le mod\u00e8le souhait\u00e9. Lorsque vous trouvez un mod\u00e8le qui vous int\u00e9resse, vous pouvez survoler la carte et cliquer sur l&#8217;ic\u00f4ne en forme de dollar pour l&#8217;ajouter \u00e0 votre catalogue de vente, ou vous pouvez faire cela en [&hellip;]<\/p>\n","protected":false},"author":358,"featured_media":0,"parent":0,"menu_order":0,"comment_status":"closed","ping_status":"closed","template":"","meta":{"footnotes":""},"class_list":["post-155137","page","type-page","status-publish","hentry"],"yoast_head":"<!-- This site is optimized with the Yoast SEO plugin v25.1 - https:\/\/yoast.com\/wordpress\/plugins\/seo\/ -->\n<title>Help_STLFLIX_Products - MyStore - By STLFLIX<\/title>\n<meta name=\"robots\" content=\"index, follow, max-snippet:-1, max-image-preview:large, max-video-preview:-1\" \/>\n<link rel=\"canonical\" href=\"https:\/\/my.stlflix.com\/fr\/help_stlflix_products\/\" \/>\n<meta property=\"og:locale\" content=\"fr_FR\" \/>\n<meta property=\"og:type\" content=\"article\" \/>\n<meta property=\"og:title\" content=\"Help_STLFLIX_Products - MyStore - By STLFLIX\" \/>\n<meta property=\"og:description\" content=\"Retour au Menu d&#8217;Aide Comment puis-je enregistrer mes produits STLFLIX ? 1. Retournez sur la plateforme et choisissez le mod\u00e8le souhait\u00e9. Lorsque vous trouvez un mod\u00e8le qui vous int\u00e9resse, vous pouvez survoler la carte et cliquer sur l&#8217;ic\u00f4ne en forme de dollar pour l&#8217;ajouter \u00e0 votre catalogue de vente, ou vous pouvez faire cela en [&hellip;]\" \/>\n<meta property=\"og:url\" content=\"https:\/\/my.stlflix.com\/fr\/help_stlflix_products\/\" \/>\n<meta property=\"og:site_name\" content=\"MyStore - By STLFLIX\" \/>\n<meta property=\"article:publisher\" content=\"https:\/\/www.facebook.com\/STLFLIX\" \/>\n<meta property=\"article:modified_time\" content=\"2024-11-18T13:45:19+00:00\" \/>\n<meta property=\"og:image\" content=\"https:\/\/my.stlflix.com\/wp-content\/uploads\/2024\/07\/Add-model-STLFLIX-7-1024x584.png\" \/>\n<meta name=\"twitter:card\" content=\"summary_large_image\" \/>\n<meta name=\"twitter:label1\" content=\"Est. reading time\" \/>\n\t<meta name=\"twitter:data1\" content=\"3 minutes\" \/>\n<script type=\"application\/ld+json\" class=\"yoast-schema-graph\">{\"@context\":\"https:\/\/schema.org\",\"@graph\":[{\"@type\":\"WebPage\",\"@id\":\"https:\/\/my.stlflix.com\/fr\/help_stlflix_products\/\",\"url\":\"https:\/\/my.stlflix.com\/fr\/help_stlflix_products\/\",\"name\":\"Help_STLFLIX_Products - MyStore - By STLFLIX\",\"isPartOf\":{\"@id\":\"https:\/\/my.stlflix.com\/tr\/#website\"},\"primaryImageOfPage\":{\"@id\":\"https:\/\/my.stlflix.com\/fr\/help_stlflix_products\/#primaryimage\"},\"image\":{\"@id\":\"https:\/\/my.stlflix.com\/fr\/help_stlflix_products\/#primaryimage\"},\"thumbnailUrl\":\"https:\/\/my.stlflix.com\/wp-content\/uploads\/2024\/07\/Add-model-STLFLIX-7-1024x584.png\",\"datePublished\":\"2024-11-13T18:18:10+00:00\",\"dateModified\":\"2024-11-18T13:45:19+00:00\",\"breadcrumb\":{\"@id\":\"https:\/\/my.stlflix.com\/fr\/help_stlflix_products\/#breadcrumb\"},\"inLanguage\":\"fr-FR\",\"potentialAction\":[{\"@type\":\"ReadAction\",\"target\":[\"https:\/\/my.stlflix.com\/fr\/help_stlflix_products\/\"]}]},{\"@type\":\"ImageObject\",\"inLanguage\":\"fr-FR\",\"@id\":\"https:\/\/my.stlflix.com\/fr\/help_stlflix_products\/#primaryimage\",\"url\":\"https:\/\/my.stlflix.com\/wp-content\/uploads\/2024\/07\/Add-model-STLFLIX-7-1024x584.png\",\"contentUrl\":\"https:\/\/my.stlflix.com\/wp-content\/uploads\/2024\/07\/Add-model-STLFLIX-7-1024x584.png\"},{\"@type\":\"BreadcrumbList\",\"@id\":\"https:\/\/my.stlflix.com\/fr\/help_stlflix_products\/#breadcrumb\",\"itemListElement\":[{\"@type\":\"ListItem\",\"position\":1,\"name\":\"Home\",\"item\":\"https:\/\/my.stlflix.com\/\"},{\"@type\":\"ListItem\",\"position\":2,\"name\":\"Help_STLFLIX_Products\"}]},{\"@type\":\"WebSite\",\"@id\":\"https:\/\/my.stlflix.com\/tr\/#website\",\"url\":\"https:\/\/my.stlflix.com\/tr\/\",\"name\":\"MyStore - By STLFLIX\",\"description\":\"\",\"publisher\":{\"@id\":\"https:\/\/my.stlflix.com\/tr\/#organization\"},\"potentialAction\":[{\"@type\":\"SearchAction\",\"target\":{\"@type\":\"EntryPoint\",\"urlTemplate\":\"https:\/\/my.stlflix.com\/tr\/?s={search_term_string}\"},\"query-input\":{\"@type\":\"PropertyValueSpecification\",\"valueRequired\":true,\"valueName\":\"search_term_string\"}}],\"inLanguage\":\"fr-FR\"},{\"@type\":\"Organization\",\"@id\":\"https:\/\/my.stlflix.com\/tr\/#organization\",\"name\":\"MyStore - By STLFLIX\",\"url\":\"https:\/\/my.stlflix.com\/tr\/\",\"logo\":{\"@type\":\"ImageObject\",\"inLanguage\":\"fr-FR\",\"@id\":\"https:\/\/my.stlflix.com\/tr\/#\/schema\/logo\/image\/\",\"url\":\"https:\/\/my.stlflix.com\/wp-content\/uploads\/2024\/06\/logo-mystore.png\",\"contentUrl\":\"https:\/\/my.stlflix.com\/wp-content\/uploads\/2024\/06\/logo-mystore.png\",\"width\":150,\"height\":41,\"caption\":\"MyStore - By STLFLIX\"},\"image\":{\"@id\":\"https:\/\/my.stlflix.com\/tr\/#\/schema\/logo\/image\/\"},\"sameAs\":[\"https:\/\/www.facebook.com\/STLFLIX\",\"https:\/\/www.instagram.com\/stlflix_\/\",\"https:\/\/www.tiktok.com\/@stlflix\"]}]}<\/script>\n<!-- \/ Yoast SEO plugin. -->","yoast_head_json":{"title":"Help_STLFLIX_Products - MyStore - By STLFLIX","robots":{"index":"index","follow":"follow","max-snippet":"max-snippet:-1","max-image-preview":"max-image-preview:large","max-video-preview":"max-video-preview:-1"},"canonical":"https:\/\/my.stlflix.com\/fr\/help_stlflix_products\/","og_locale":"fr_FR","og_type":"article","og_title":"Help_STLFLIX_Products - MyStore - By STLFLIX","og_description":"Retour au Menu d&#8217;Aide Comment puis-je enregistrer mes produits STLFLIX ? 1. Retournez sur la plateforme et choisissez le mod\u00e8le souhait\u00e9. Lorsque vous trouvez un mod\u00e8le qui vous int\u00e9resse, vous pouvez survoler la carte et cliquer sur l&#8217;ic\u00f4ne en forme de dollar pour l&#8217;ajouter \u00e0 votre catalogue de vente, ou vous pouvez faire cela en [&hellip;]","og_url":"https:\/\/my.stlflix.com\/fr\/help_stlflix_products\/","og_site_name":"MyStore - By STLFLIX","article_publisher":"https:\/\/www.facebook.com\/STLFLIX","article_modified_time":"2024-11-18T13:45:19+00:00","og_image":[{"url":"https:\/\/my.stlflix.com\/wp-content\/uploads\/2024\/07\/Add-model-STLFLIX-7-1024x584.png","type":"","width":"","height":""}],"twitter_card":"summary_large_image","twitter_misc":{"Est. reading time":"3 minutes"},"schema":{"@context":"https:\/\/schema.org","@graph":[{"@type":"WebPage","@id":"https:\/\/my.stlflix.com\/fr\/help_stlflix_products\/","url":"https:\/\/my.stlflix.com\/fr\/help_stlflix_products\/","name":"Help_STLFLIX_Products - MyStore - By STLFLIX","isPartOf":{"@id":"https:\/\/my.stlflix.com\/tr\/#website"},"primaryImageOfPage":{"@id":"https:\/\/my.stlflix.com\/fr\/help_stlflix_products\/#primaryimage"},"image":{"@id":"https:\/\/my.stlflix.com\/fr\/help_stlflix_products\/#primaryimage"},"thumbnailUrl":"https:\/\/my.stlflix.com\/wp-content\/uploads\/2024\/07\/Add-model-STLFLIX-7-1024x584.png","datePublished":"2024-11-13T18:18:10+00:00","dateModified":"2024-11-18T13:45:19+00:00","breadcrumb":{"@id":"https:\/\/my.stlflix.com\/fr\/help_stlflix_products\/#breadcrumb"},"inLanguage":"fr-FR","potentialAction":[{"@type":"ReadAction","target":["https:\/\/my.stlflix.com\/fr\/help_stlflix_products\/"]}]},{"@type":"ImageObject","inLanguage":"fr-FR","@id":"https:\/\/my.stlflix.com\/fr\/help_stlflix_products\/#primaryimage","url":"https:\/\/my.stlflix.com\/wp-content\/uploads\/2024\/07\/Add-model-STLFLIX-7-1024x584.png","contentUrl":"https:\/\/my.stlflix.com\/wp-content\/uploads\/2024\/07\/Add-model-STLFLIX-7-1024x584.png"},{"@type":"BreadcrumbList","@id":"https:\/\/my.stlflix.com\/fr\/help_stlflix_products\/#breadcrumb","itemListElement":[{"@type":"ListItem","position":1,"name":"Home","item":"https:\/\/my.stlflix.com\/"},{"@type":"ListItem","position":2,"name":"Help_STLFLIX_Products"}]},{"@type":"WebSite","@id":"https:\/\/my.stlflix.com\/tr\/#website","url":"https:\/\/my.stlflix.com\/tr\/","name":"MyStore - By STLFLIX","description":"","publisher":{"@id":"https:\/\/my.stlflix.com\/tr\/#organization"},"potentialAction":[{"@type":"SearchAction","target":{"@type":"EntryPoint","urlTemplate":"https:\/\/my.stlflix.com\/tr\/?s={search_term_string}"},"query-input":{"@type":"PropertyValueSpecification","valueRequired":true,"valueName":"search_term_string"}}],"inLanguage":"fr-FR"},{"@type":"Organization","@id":"https:\/\/my.stlflix.com\/tr\/#organization","name":"MyStore - By STLFLIX","url":"https:\/\/my.stlflix.com\/tr\/","logo":{"@type":"ImageObject","inLanguage":"fr-FR","@id":"https:\/\/my.stlflix.com\/tr\/#\/schema\/logo\/image\/","url":"https:\/\/my.stlflix.com\/wp-content\/uploads\/2024\/06\/logo-mystore.png","contentUrl":"https:\/\/my.stlflix.com\/wp-content\/uploads\/2024\/06\/logo-mystore.png","width":150,"height":41,"caption":"MyStore - By STLFLIX"},"image":{"@id":"https:\/\/my.stlflix.com\/tr\/#\/schema\/logo\/image\/"},"sameAs":["https:\/\/www.facebook.com\/STLFLIX","https:\/\/www.instagram.com\/stlflix_\/","https:\/\/www.tiktok.com\/@stlflix"]}]}},"_links":{"self":[{"href":"https:\/\/www.monitorstlflix.com\/fr\/wp-json\/wp\/v2\/pages\/155137","targetHints":{"allow":["GET"]}}],"collection":[{"href":"https:\/\/www.monitorstlflix.com\/fr\/wp-json\/wp\/v2\/pages"}],"about":[{"href":"https:\/\/www.monitorstlflix.com\/fr\/wp-json\/wp\/v2\/types\/page"}],"author":[{"embeddable":true,"href":"https:\/\/www.monitorstlflix.com\/fr\/wp-json\/wp\/v2\/users\/358"}],"replies":[{"embeddable":true,"href":"https:\/\/www.monitorstlflix.com\/fr\/wp-json\/wp\/v2\/comments?post=155137"}],"version-history":[{"count":5,"href":"https:\/\/www.monitorstlflix.com\/fr\/wp-json\/wp\/v2\/pages\/155137\/revisions"}],"predecessor-version":[{"id":160446,"href":"https:\/\/www.monitorstlflix.com\/fr\/wp-json\/wp\/v2\/pages\/155137\/revisions\/160446"}],"wp:attachment":[{"href":"https:\/\/www.monitorstlflix.com\/fr\/wp-json\/wp\/v2\/media?parent=155137"}],"curies":[{"name":"wp","href":"https:\/\/api.w.org\/{rel}","templated":true}]}}