{"id":155139,"date":"2024-11-13T18:51:05","date_gmt":"2024-11-13T18:51:05","guid":{"rendered":"https:\/\/my.stlflix.com\/help_view\/"},"modified":"2024-11-18T13:46:13","modified_gmt":"2024-11-18T13:46:13","slug":"help_view","status":"publish","type":"page","link":"https:\/\/www.monitorstlflix.com\/fr\/help_view\/","title":{"rendered":"Help_View"},"content":{"rendered":"\t\t<div data-elementor-type=\"wp-page\" data-elementor-id=\"155139\" class=\"elementor elementor-155139\" data-elementor-post-type=\"page\">\n\t\t\t\t<div class=\"elementor-element elementor-element-c13fb49 e-flex e-con-boxed e-con e-parent\" data-id=\"c13fb49\" data-element_type=\"container\">\n\t\t\t\t\t<div class=\"e-con-inner\">\n\t\t<div class=\"elementor-element elementor-element-5f78bd3 e-con-full e-flex e-con e-child\" data-id=\"5f78bd3\" data-element_type=\"container\">\n\t\t\t\t<div class=\"elementor-element elementor-element-a80c80b elementor-view-default elementor-widget elementor-widget-icon\" data-id=\"a80c80b\" data-element_type=\"widget\" data-widget_type=\"icon.default\">\n\t\t\t\t<div class=\"elementor-widget-container\">\n\t\t\t\t\t\t\t<div class=\"elementor-icon-wrapper\">\n\t\t\t<a class=\"elementor-icon\" href=\"https:\/\/my.stlflix.com\/fr\/help\/\">\n\t\t\t<svg aria-hidden=\"true\" class=\"e-font-icon-svg e-fas-arrow-left\" viewBox=\"0 0 448 512\" xmlns=\"http:\/\/www.w3.org\/2000\/svg\"><path d=\"M257.5 445.1l-22.2 22.2c-9.4 9.4-24.6 9.4-33.9 0L7 273c-9.4-9.4-9.4-24.6 0-33.9L201.4 44.7c9.4-9.4 24.6-9.4 33.9 0l22.2 22.2c9.5 9.5 9.3 25-.4 34.3L136.6 216H424c13.3 0 24 10.7 24 24v32c0 13.3-10.7 24-24 24H136.6l120.5 114.8c9.8 9.3 10 24.8.4 34.3z\"><\/path><\/svg>\t\t\t<\/a>\n\t\t<\/div>\n\t\t\t\t\t\t<\/div>\n\t\t\t\t<\/div>\n\t\t\t\t<div class=\"elementor-element elementor-element-c0270e6 elementor-widget elementor-widget-heading\" data-id=\"c0270e6\" data-element_type=\"widget\" data-widget_type=\"heading.default\">\n\t\t\t\t<div class=\"elementor-widget-container\">\n\t\t\t\t\t<h2 class=\"elementor-heading-title elementor-size-default\"><a href=\"https:\/\/my.stlflix.com\/fr\/help\/\">Retour au Menu d'Aide<\/a><\/h2>\t\t\t\t<\/div>\n\t\t\t\t<\/div>\n\t\t\t\t<\/div>\n\t\t\t\t<div class=\"elementor-element elementor-element-6d5f2ac elementor-widget elementor-widget-heading\" data-id=\"6d5f2ac\" data-element_type=\"widget\" data-widget_type=\"heading.default\">\n\t\t\t\t<div class=\"elementor-widget-container\">\n\t\t\t\t\t<h2 class=\"elementor-heading-title elementor-size-default\">Comment puis-je voir ma boutique ?\u200b<\/h2>\t\t\t\t<\/div>\n\t\t\t\t<\/div>\n\t\t\t\t<div class=\"elementor-element elementor-element-140e7e6 elementor-widget elementor-widget-text-editor\" data-id=\"140e7e6\" data-element_type=\"widget\" data-widget_type=\"text-editor.default\">\n\t\t\t\t<div class=\"elementor-widget-container\">\n\t\t\t\t\t\t\t\t\t<p>Pour voir \u00e0 quoi ressemble votre boutique, vous pouvez cliquer sur le bouton dans le coin inf\u00e9rieur gauche du menu lat\u00e9ral. Vous serez redirig\u00e9 vers un aper\u00e7u de votre boutique.<\/p>\t\t\t\t\t\t\t\t<\/div>\n\t\t\t\t<\/div>\n\t\t\t\t<div class=\"elementor-element elementor-element-871921c elementor-widget elementor-widget-image\" data-id=\"871921c\" data-element_type=\"widget\" data-widget_type=\"image.default\">\n\t\t\t\t<div class=\"elementor-widget-container\">\n\t\t\t\t\t\t\t\t\t\t\t\t\t\t\t<img fetchpriority=\"high\" decoding=\"async\" width=\"1024\" height=\"584\" src=\"https:\/\/www.monitorstlflix.com\/wp-content\/uploads\/2024\/07\/Ver-loja-1-1024x584.png\" class=\"attachment-large size-large wp-image-52595\" alt=\"\" srcset=\"https:\/\/www.monitorstlflix.com\/wp-content\/uploads\/2024\/07\/Ver-loja-1-1024x584.png 1024w, https:\/\/www.monitorstlflix.com\/wp-content\/uploads\/2024\/07\/Ver-loja-1-300x171.png 300w, https:\/\/www.monitorstlflix.com\/wp-content\/uploads\/2024\/07\/Ver-loja-1-768x438.png 768w, https:\/\/www.monitorstlflix.com\/wp-content\/uploads\/2024\/07\/Ver-loja-1-1536x876.png 1536w, https:\/\/www.monitorstlflix.com\/wp-content\/uploads\/2024\/07\/Ver-loja-1-600x342.png 600w, https:\/\/www.monitorstlflix.com\/wp-content\/uploads\/2024\/07\/Ver-loja-1-500x285.png 500w, https:\/\/www.monitorstlflix.com\/wp-content\/uploads\/2024\/07\/Ver-loja-1.png 1697w\" sizes=\"(max-width: 1024px) 100vw, 1024px\" \/>\t\t\t\t\t\t\t\t\t\t\t\t\t\t\t<\/div>\n\t\t\t\t<\/div>\n\t\t\t\t\t<\/div>\n\t\t\t\t<\/div>\n\t\t\t\t<\/div>\n\t\t","protected":false},"excerpt":{"rendered":"<p>Retour au Menu d&#8217;Aide Comment puis-je voir ma boutique ?\u200b Pour voir \u00e0 quoi ressemble votre boutique, vous pouvez cliquer sur le bouton dans le coin inf\u00e9rieur gauche du menu lat\u00e9ral. Vous serez redirig\u00e9 vers un aper\u00e7u de votre boutique.<\/p>\n","protected":false},"author":358,"featured_media":0,"parent":0,"menu_order":0,"comment_status":"closed","ping_status":"closed","template":"","meta":{"footnotes":""},"class_list":["post-155139","page","type-page","status-publish","hentry"],"yoast_head":"<!-- This site is optimized with the Yoast SEO plugin v25.1 - https:\/\/yoast.com\/wordpress\/plugins\/seo\/ -->\n<title>Help_View - MyStore - By STLFLIX<\/title>\n<meta name=\"robots\" content=\"index, follow, max-snippet:-1, max-image-preview:large, max-video-preview:-1\" \/>\n<link rel=\"canonical\" href=\"https:\/\/my.stlflix.com\/help_view\/\" \/>\n<meta property=\"og:locale\" content=\"fr_FR\" \/>\n<meta property=\"og:type\" content=\"article\" \/>\n<meta property=\"og:title\" content=\"Help_View - MyStore - By STLFLIX\" \/>\n<meta property=\"og:description\" content=\"Retour au Menu d&#8217;Aide Comment puis-je voir ma boutique ?\u200b Pour voir \u00e0 quoi ressemble votre boutique, vous pouvez cliquer sur le bouton dans le coin inf\u00e9rieur gauche du menu lat\u00e9ral. Vous serez redirig\u00e9 vers un aper\u00e7u de votre boutique.\" \/>\n<meta property=\"og:url\" content=\"https:\/\/my.stlflix.com\/help_view\/\" \/>\n<meta property=\"og:site_name\" content=\"MyStore - By STLFLIX\" \/>\n<meta property=\"article:publisher\" content=\"https:\/\/www.facebook.com\/STLFLIX\" \/>\n<meta property=\"article:modified_time\" content=\"2024-11-18T13:46:13+00:00\" \/>\n<meta property=\"og:image\" content=\"https:\/\/my.stlflix.com\/wp-content\/uploads\/2024\/07\/Ver-loja-1-1024x584.png\" \/>\n<meta name=\"twitter:card\" content=\"summary_large_image\" \/>\n<meta name=\"twitter:label1\" content=\"Est. reading time\" \/>\n\t<meta name=\"twitter:data1\" content=\"1 minute\" \/>\n<script type=\"application\/ld+json\" class=\"yoast-schema-graph\">{\"@context\":\"https:\/\/schema.org\",\"@graph\":[{\"@type\":\"WebPage\",\"@id\":\"https:\/\/my.stlflix.com\/help_view\/\",\"url\":\"https:\/\/my.stlflix.com\/help_view\/\",\"name\":\"Help_View - MyStore - By STLFLIX\",\"isPartOf\":{\"@id\":\"https:\/\/my.stlflix.com\/tr\/#website\"},\"primaryImageOfPage\":{\"@id\":\"https:\/\/my.stlflix.com\/help_view\/#primaryimage\"},\"image\":{\"@id\":\"https:\/\/my.stlflix.com\/help_view\/#primaryimage\"},\"thumbnailUrl\":\"https:\/\/my.stlflix.com\/wp-content\/uploads\/2024\/07\/Ver-loja-1-1024x584.png\",\"datePublished\":\"2024-11-13T18:51:05+00:00\",\"dateModified\":\"2024-11-18T13:46:13+00:00\",\"breadcrumb\":{\"@id\":\"https:\/\/my.stlflix.com\/help_view\/#breadcrumb\"},\"inLanguage\":\"fr-FR\",\"potentialAction\":[{\"@type\":\"ReadAction\",\"target\":[\"https:\/\/my.stlflix.com\/help_view\/\"]}]},{\"@type\":\"ImageObject\",\"inLanguage\":\"fr-FR\",\"@id\":\"https:\/\/my.stlflix.com\/help_view\/#primaryimage\",\"url\":\"https:\/\/my.stlflix.com\/wp-content\/uploads\/2024\/07\/Ver-loja-1-1024x584.png\",\"contentUrl\":\"https:\/\/my.stlflix.com\/wp-content\/uploads\/2024\/07\/Ver-loja-1-1024x584.png\"},{\"@type\":\"BreadcrumbList\",\"@id\":\"https:\/\/my.stlflix.com\/help_view\/#breadcrumb\",\"itemListElement\":[{\"@type\":\"ListItem\",\"position\":1,\"name\":\"Home\",\"item\":\"https:\/\/my.stlflix.com\/\"},{\"@type\":\"ListItem\",\"position\":2,\"name\":\"Help_View\"}]},{\"@type\":\"WebSite\",\"@id\":\"https:\/\/my.stlflix.com\/tr\/#website\",\"url\":\"https:\/\/my.stlflix.com\/tr\/\",\"name\":\"MyStore - By STLFLIX\",\"description\":\"\",\"publisher\":{\"@id\":\"https:\/\/my.stlflix.com\/tr\/#organization\"},\"potentialAction\":[{\"@type\":\"SearchAction\",\"target\":{\"@type\":\"EntryPoint\",\"urlTemplate\":\"https:\/\/my.stlflix.com\/tr\/?s={search_term_string}\"},\"query-input\":{\"@type\":\"PropertyValueSpecification\",\"valueRequired\":true,\"valueName\":\"search_term_string\"}}],\"inLanguage\":\"fr-FR\"},{\"@type\":\"Organization\",\"@id\":\"https:\/\/my.stlflix.com\/tr\/#organization\",\"name\":\"MyStore - By STLFLIX\",\"url\":\"https:\/\/my.stlflix.com\/tr\/\",\"logo\":{\"@type\":\"ImageObject\",\"inLanguage\":\"fr-FR\",\"@id\":\"https:\/\/my.stlflix.com\/tr\/#\/schema\/logo\/image\/\",\"url\":\"https:\/\/my.stlflix.com\/wp-content\/uploads\/2024\/06\/logo-mystore.png\",\"contentUrl\":\"https:\/\/my.stlflix.com\/wp-content\/uploads\/2024\/06\/logo-mystore.png\",\"width\":150,\"height\":41,\"caption\":\"MyStore - By STLFLIX\"},\"image\":{\"@id\":\"https:\/\/my.stlflix.com\/tr\/#\/schema\/logo\/image\/\"},\"sameAs\":[\"https:\/\/www.facebook.com\/STLFLIX\",\"https:\/\/www.instagram.com\/stlflix_\/\",\"https:\/\/www.tiktok.com\/@stlflix\"]}]}<\/script>\n<!-- \/ Yoast SEO plugin. -->","yoast_head_json":{"title":"Help_View - MyStore - By STLFLIX","robots":{"index":"index","follow":"follow","max-snippet":"max-snippet:-1","max-image-preview":"max-image-preview:large","max-video-preview":"max-video-preview:-1"},"canonical":"https:\/\/my.stlflix.com\/help_view\/","og_locale":"fr_FR","og_type":"article","og_title":"Help_View - MyStore - By STLFLIX","og_description":"Retour au Menu d&#8217;Aide Comment puis-je voir ma boutique ?\u200b Pour voir \u00e0 quoi ressemble votre boutique, vous pouvez cliquer sur le bouton dans le coin inf\u00e9rieur gauche du menu lat\u00e9ral. Vous serez redirig\u00e9 vers un aper\u00e7u de votre boutique.","og_url":"https:\/\/my.stlflix.com\/help_view\/","og_site_name":"MyStore - By STLFLIX","article_publisher":"https:\/\/www.facebook.com\/STLFLIX","article_modified_time":"2024-11-18T13:46:13+00:00","og_image":[{"url":"https:\/\/my.stlflix.com\/wp-content\/uploads\/2024\/07\/Ver-loja-1-1024x584.png","type":"","width":"","height":""}],"twitter_card":"summary_large_image","twitter_misc":{"Est. reading time":"1 minute"},"schema":{"@context":"https:\/\/schema.org","@graph":[{"@type":"WebPage","@id":"https:\/\/my.stlflix.com\/help_view\/","url":"https:\/\/my.stlflix.com\/help_view\/","name":"Help_View - MyStore - By STLFLIX","isPartOf":{"@id":"https:\/\/my.stlflix.com\/tr\/#website"},"primaryImageOfPage":{"@id":"https:\/\/my.stlflix.com\/help_view\/#primaryimage"},"image":{"@id":"https:\/\/my.stlflix.com\/help_view\/#primaryimage"},"thumbnailUrl":"https:\/\/my.stlflix.com\/wp-content\/uploads\/2024\/07\/Ver-loja-1-1024x584.png","datePublished":"2024-11-13T18:51:05+00:00","dateModified":"2024-11-18T13:46:13+00:00","breadcrumb":{"@id":"https:\/\/my.stlflix.com\/help_view\/#breadcrumb"},"inLanguage":"fr-FR","potentialAction":[{"@type":"ReadAction","target":["https:\/\/my.stlflix.com\/help_view\/"]}]},{"@type":"ImageObject","inLanguage":"fr-FR","@id":"https:\/\/my.stlflix.com\/help_view\/#primaryimage","url":"https:\/\/my.stlflix.com\/wp-content\/uploads\/2024\/07\/Ver-loja-1-1024x584.png","contentUrl":"https:\/\/my.stlflix.com\/wp-content\/uploads\/2024\/07\/Ver-loja-1-1024x584.png"},{"@type":"BreadcrumbList","@id":"https:\/\/my.stlflix.com\/help_view\/#breadcrumb","itemListElement":[{"@type":"ListItem","position":1,"name":"Home","item":"https:\/\/my.stlflix.com\/"},{"@type":"ListItem","position":2,"name":"Help_View"}]},{"@type":"WebSite","@id":"https:\/\/my.stlflix.com\/tr\/#website","url":"https:\/\/my.stlflix.com\/tr\/","name":"MyStore - By STLFLIX","description":"","publisher":{"@id":"https:\/\/my.stlflix.com\/tr\/#organization"},"potentialAction":[{"@type":"SearchAction","target":{"@type":"EntryPoint","urlTemplate":"https:\/\/my.stlflix.com\/tr\/?s={search_term_string}"},"query-input":{"@type":"PropertyValueSpecification","valueRequired":true,"valueName":"search_term_string"}}],"inLanguage":"fr-FR"},{"@type":"Organization","@id":"https:\/\/my.stlflix.com\/tr\/#organization","name":"MyStore - By STLFLIX","url":"https:\/\/my.stlflix.com\/tr\/","logo":{"@type":"ImageObject","inLanguage":"fr-FR","@id":"https:\/\/my.stlflix.com\/tr\/#\/schema\/logo\/image\/","url":"https:\/\/my.stlflix.com\/wp-content\/uploads\/2024\/06\/logo-mystore.png","contentUrl":"https:\/\/my.stlflix.com\/wp-content\/uploads\/2024\/06\/logo-mystore.png","width":150,"height":41,"caption":"MyStore - By STLFLIX"},"image":{"@id":"https:\/\/my.stlflix.com\/tr\/#\/schema\/logo\/image\/"},"sameAs":["https:\/\/www.facebook.com\/STLFLIX","https:\/\/www.instagram.com\/stlflix_\/","https:\/\/www.tiktok.com\/@stlflix"]}]}},"_links":{"self":[{"href":"https:\/\/www.monitorstlflix.com\/fr\/wp-json\/wp\/v2\/pages\/155139","targetHints":{"allow":["GET"]}}],"collection":[{"href":"https:\/\/www.monitorstlflix.com\/fr\/wp-json\/wp\/v2\/pages"}],"about":[{"href":"https:\/\/www.monitorstlflix.com\/fr\/wp-json\/wp\/v2\/types\/page"}],"author":[{"embeddable":true,"href":"https:\/\/www.monitorstlflix.com\/fr\/wp-json\/wp\/v2\/users\/358"}],"replies":[{"embeddable":true,"href":"https:\/\/www.monitorstlflix.com\/fr\/wp-json\/wp\/v2\/comments?post=155139"}],"version-history":[{"count":5,"href":"https:\/\/www.monitorstlflix.com\/fr\/wp-json\/wp\/v2\/pages\/155139\/revisions"}],"predecessor-version":[{"id":160469,"href":"https:\/\/www.monitorstlflix.com\/fr\/wp-json\/wp\/v2\/pages\/155139\/revisions\/160469"}],"wp:attachment":[{"href":"https:\/\/www.monitorstlflix.com\/fr\/wp-json\/wp\/v2\/media?parent=155139"}],"curies":[{"name":"wp","href":"https:\/\/api.w.org\/{rel}","templated":true}]}}